{"id":4709,"date":"2022-08-16T07:14:23","date_gmt":"2022-08-16T07:14:23","guid":{"rendered":"http:\/\/www.sauter-controls.be\/?page_id=4709"},"modified":"2024-07-08T13:26:42","modified_gmt":"2024-07-08T13:26:42","slug":"bacnet-sc","status":"publish","type":"page","link":"https:\/\/www.sauter-controls.be\/de\/bacnet-sc\/","title":{"rendered":"BACnet\/SC"},"content":{"rendered":"<h2 style=\"text-align: center\">BACnet\/SC<br \/>\nDie Erweiterung des BACnet-Standards bei SAUTER<\/h2>\n<p>&nbsp;<\/p>\n<p>BACnet ist der Kommunikationsstandard in der Geb\u00e4udeautomation. Mit BACnet\/SC (Secure Connect) wurde eine zus\u00e4tzliche Netzwerkschicht zu diesem Standard hinzugef\u00fcgt. Es gab zwei Hauptgr\u00fcnde daf\u00fcr:<\/p>\n<p>&nbsp;<\/p>\n<ol>\n<li><strong>Nutzung des Internets und moderner IT-Infrastrukturen<br \/>\n<\/strong>Die Kommunikationsanforderungen f\u00fcr die Geb\u00e4udeautomation haben zugenommen. Immer h\u00e4ufiger wird erwartet, dass bestehende IT-Infrastrukturen und Verkabelungen genutzt werden k\u00f6nnen. Dies erm\u00f6glicht die Nutzung des Internets f\u00fcr die Daten\u00fcbertragung, z.B. um entfernte Geb\u00e4udeabschnitte und R\u00e4umlichkeiten zu verbinden. Anwendungen in der Cloud erfordern ebenfalls eine Daten\u00fcbertragung \u00fcber das Internet.<\/li>\n<li><strong>Sicherheitsanforderungen und Datenschutz<br \/>\n<\/strong>Heute unterliegt die Geb\u00e4udeautomation mehr denn je den Anforderungen des Datenschutzes. Ein zuf\u00e4lliger oder unbefugter Zugriff auf die \u00fcbertragenen Daten kann schwerwiegende Folgen f\u00fcr den Betrieb der Geb\u00e4udetechnik haben.<\/li>\n<\/ol>\n<p>&nbsp;<\/p>\n<p>BACnet\/SC bietet eine L\u00f6sung f\u00fcr beide Anforderungen, ohne dabei etablierte BACnet-Dienste wie die Datenaufzeichnung (Trend Log) und Zeitprogramme (Scheduler, Kalender) in der Station zu vernachl\u00e4ssigen.<\/p>\n","protected":false},"excerpt":{"rendered":"<p>BACnet\/SC Die Erweiterung des BACnet-Standards bei SAUTER &nbsp; BACnet ist der Kommunikationsstandard in der Geb\u00e4udeautomation. Mit BACnet\/SC (Secure Connect) wurde eine zus\u00e4tzliche Netzwerkschicht zu diesem Standard hinzugef\u00fcgt. Es gab zwei Hauptgr\u00fcnde daf\u00fcr: &nbsp; Nutzung des Internets und moderner IT-Infrastrukturen Die Kommunikationsanforderungen f\u00fcr die Geb\u00e4udeautomation haben zugenommen. Immer h\u00e4ufiger wird erwartet, dass bestehende IT-Infrastrukturen und Verkabelungen [&hellip;]<\/p>\n","protected":false},"author":59,"featured_media":0,"parent":0,"menu_order":0,"comment_status":"closed","ping_status":"closed","template":"page-innovation-bacnet.php","meta":{"_acf_changed":false,"footnotes":""},"class_list":["post-4709","page","type-page","status-publish","hentry"],"acf":[],"yoast_head":"<!-- This site is optimized with the Yoast SEO plugin v26.1.1 - https:\/\/yoast.com\/wordpress\/plugins\/seo\/ -->\n<title>Die Erweiterung des BACnet-Standards bei SAUTER<\/title>\n<meta name=\"description\" content=\"Mit BACnet\/SC (Secure Connect) wurde der Kommunikationsstandard um einen zus\u00e4tzlichen Netzwerk-Layer f\u00fcr die Cybersecurity erweitert. SAUTER hat BACnet\/SC in modulo 6 und dem SAUTER Vision Center implementiert. Weiterhin hat SAUTER einen BACnet\/SC-Router entwickelt.\" \/>\n<meta name=\"robots\" content=\"index, follow, max-snippet:-1, max-image-preview:large, max-video-preview:-1\" \/>\n<link rel=\"canonical\" href=\"https:\/\/www.sauter-controls.be\/de\/bacnet-sc\/\" \/>\n<meta property=\"og:locale\" content=\"de_DE\" \/>\n<meta property=\"og:type\" content=\"article\" \/>\n<meta property=\"og:title\" content=\"Die Erweiterung des BACnet-Standards bei SAUTER\" \/>\n<meta property=\"og:description\" content=\"Mit BACnet\/SC (Secure Connect) wurde der Kommunikationsstandard um einen zus\u00e4tzlichen Netzwerk-Layer f\u00fcr die Cybersecurity erweitert. SAUTER hat BACnet\/SC in modulo 6 und dem SAUTER Vision Center implementiert. Weiterhin hat SAUTER einen BACnet\/SC-Router entwickelt.\" \/>\n<meta property=\"og:url\" content=\"https:\/\/www.sauter-controls.be\/de\/bacnet-sc\/\" \/>\n<meta property=\"og:site_name\" content=\"SAUTER Belgium\" \/>\n<meta property=\"article:modified_time\" content=\"2024-07-08T13:26:42+00:00\" \/>\n<meta name=\"twitter:card\" content=\"summary_large_image\" \/>\n<meta name=\"twitter:label1\" content=\"Gesch\u00e4tzte Lesezeit\" \/>\n\t<meta name=\"twitter:data1\" content=\"1\u00a0Minute\" \/>\n<script type=\"application\/ld+json\" class=\"yoast-schema-graph\">{\"@context\":\"https:\/\/schema.org\",\"@graph\":[{\"@type\":\"WebPage\",\"@id\":\"https:\/\/www.sauter-controls.be\/de\/bacnet-sc\/\",\"url\":\"https:\/\/www.sauter-controls.be\/de\/bacnet-sc\/\",\"name\":\"Die Erweiterung des BACnet-Standards bei SAUTER\",\"isPartOf\":{\"@id\":\"https:\/\/www.sauter-controls.be\/en\/#website\"},\"datePublished\":\"2022-08-16T07:14:23+00:00\",\"dateModified\":\"2024-07-08T13:26:42+00:00\",\"description\":\"Mit BACnet\/SC (Secure Connect) wurde der Kommunikationsstandard um einen zus\u00e4tzlichen Netzwerk-Layer f\u00fcr die Cybersecurity erweitert. SAUTER hat BACnet\/SC in modulo 6 und dem SAUTER Vision Center implementiert. Weiterhin hat SAUTER einen BACnet\/SC-Router entwickelt.\",\"breadcrumb\":{\"@id\":\"https:\/\/www.sauter-controls.be\/de\/bacnet-sc\/#breadcrumb\"},\"inLanguage\":\"de\",\"potentialAction\":[{\"@type\":\"ReadAction\",\"target\":[\"https:\/\/www.sauter-controls.be\/de\/bacnet-sc\/\"]}]},{\"@type\":\"BreadcrumbList\",\"@id\":\"https:\/\/www.sauter-controls.be\/de\/bacnet-sc\/#breadcrumb\",\"itemListElement\":[{\"@type\":\"ListItem\",\"position\":1,\"name\":\"Home\",\"item\":\"https:\/\/www.sauter-controls.be\/de\/\"},{\"@type\":\"ListItem\",\"position\":2,\"name\":\"BACnet\/SC\"}]},{\"@type\":\"WebSite\",\"@id\":\"https:\/\/www.sauter-controls.be\/en\/#website\",\"url\":\"https:\/\/www.sauter-controls.be\/en\/\",\"name\":\"SAUTER Belgium\",\"description\":\"SAUTER Belgium\",\"potentialAction\":[{\"@type\":\"SearchAction\",\"target\":{\"@type\":\"EntryPoint\",\"urlTemplate\":\"https:\/\/www.sauter-controls.be\/en\/?s={search_term_string}\"},\"query-input\":{\"@type\":\"PropertyValueSpecification\",\"valueRequired\":true,\"valueName\":\"search_term_string\"}}],\"inLanguage\":\"de\"}]}<\/script>\n<!-- \/ Yoast SEO plugin. -->","yoast_head_json":{"title":"Die Erweiterung des BACnet-Standards bei SAUTER","description":"Mit BACnet\/SC (Secure Connect) wurde der Kommunikationsstandard um einen zus\u00e4tzlichen Netzwerk-Layer f\u00fcr die Cybersecurity erweitert. SAUTER hat BACnet\/SC in modulo 6 und dem SAUTER Vision Center implementiert. Weiterhin hat SAUTER einen BACnet\/SC-Router entwickelt.","robots":{"index":"index","follow":"follow","max-snippet":"max-snippet:-1","max-image-preview":"max-image-preview:large","max-video-preview":"max-video-preview:-1"},"canonical":"https:\/\/www.sauter-controls.be\/de\/bacnet-sc\/","og_locale":"de_DE","og_type":"article","og_title":"Die Erweiterung des BACnet-Standards bei SAUTER","og_description":"Mit BACnet\/SC (Secure Connect) wurde der Kommunikationsstandard um einen zus\u00e4tzlichen Netzwerk-Layer f\u00fcr die Cybersecurity erweitert. SAUTER hat BACnet\/SC in modulo 6 und dem SAUTER Vision Center implementiert. Weiterhin hat SAUTER einen BACnet\/SC-Router entwickelt.","og_url":"https:\/\/www.sauter-controls.be\/de\/bacnet-sc\/","og_site_name":"SAUTER Belgium","article_modified_time":"2024-07-08T13:26:42+00:00","twitter_card":"summary_large_image","twitter_misc":{"Gesch\u00e4tzte Lesezeit":"1\u00a0Minute"},"schema":{"@context":"https:\/\/schema.org","@graph":[{"@type":"WebPage","@id":"https:\/\/www.sauter-controls.be\/de\/bacnet-sc\/","url":"https:\/\/www.sauter-controls.be\/de\/bacnet-sc\/","name":"Die Erweiterung des BACnet-Standards bei SAUTER","isPartOf":{"@id":"https:\/\/www.sauter-controls.be\/en\/#website"},"datePublished":"2022-08-16T07:14:23+00:00","dateModified":"2024-07-08T13:26:42+00:00","description":"Mit BACnet\/SC (Secure Connect) wurde der Kommunikationsstandard um einen zus\u00e4tzlichen Netzwerk-Layer f\u00fcr die Cybersecurity erweitert. SAUTER hat BACnet\/SC in modulo 6 und dem SAUTER Vision Center implementiert. Weiterhin hat SAUTER einen BACnet\/SC-Router entwickelt.","breadcrumb":{"@id":"https:\/\/www.sauter-controls.be\/de\/bacnet-sc\/#breadcrumb"},"inLanguage":"de","potentialAction":[{"@type":"ReadAction","target":["https:\/\/www.sauter-controls.be\/de\/bacnet-sc\/"]}]},{"@type":"BreadcrumbList","@id":"https:\/\/www.sauter-controls.be\/de\/bacnet-sc\/#breadcrumb","itemListElement":[{"@type":"ListItem","position":1,"name":"Home","item":"https:\/\/www.sauter-controls.be\/de\/"},{"@type":"ListItem","position":2,"name":"BACnet\/SC"}]},{"@type":"WebSite","@id":"https:\/\/www.sauter-controls.be\/en\/#website","url":"https:\/\/www.sauter-controls.be\/en\/","name":"SAUTER Belgium","description":"SAUTER Belgium","potentialAction":[{"@type":"SearchAction","target":{"@type":"EntryPoint","urlTemplate":"https:\/\/www.sauter-controls.be\/en\/?s={search_term_string}"},"query-input":{"@type":"PropertyValueSpecification","valueRequired":true,"valueName":"search_term_string"}}],"inLanguage":"de"}]}},"_links":{"self":[{"href":"https:\/\/www.sauter-controls.be\/de\/wp-json\/wp\/v2\/pages\/4709","targetHints":{"allow":["GET"]}}],"collection":[{"href":"https:\/\/www.sauter-controls.be\/de\/wp-json\/wp\/v2\/pages"}],"about":[{"href":"https:\/\/www.sauter-controls.be\/de\/wp-json\/wp\/v2\/types\/page"}],"author":[{"embeddable":true,"href":"https:\/\/www.sauter-controls.be\/de\/wp-json\/wp\/v2\/users\/59"}],"replies":[{"embeddable":true,"href":"https:\/\/www.sauter-controls.be\/de\/wp-json\/wp\/v2\/comments?post=4709"}],"version-history":[{"count":8,"href":"https:\/\/www.sauter-controls.be\/de\/wp-json\/wp\/v2\/pages\/4709\/revisions"}],"predecessor-version":[{"id":8430,"href":"https:\/\/www.sauter-controls.be\/de\/wp-json\/wp\/v2\/pages\/4709\/revisions\/8430"}],"wp:attachment":[{"href":"https:\/\/www.sauter-controls.be\/de\/wp-json\/wp\/v2\/media?parent=4709"}],"curies":[{"name":"wp","href":"https:\/\/api.w.org\/{rel}","templated":true}]}}