{"id":4244,"date":"2021-08-30T07:13:22","date_gmt":"2021-08-30T07:13:22","guid":{"rendered":"http:\/\/www.sauter-controls.be\/?page_id=4244"},"modified":"2026-03-19T11:59:35","modified_gmt":"2026-03-19T11:59:35","slug":"corporate-compliance","status":"publish","type":"page","link":"https:\/\/www.sauter-controls.be\/de\/unternehmen\/corporate-compliance\/","title":{"rendered":"Corporate Compliance"},"content":{"rendered":"","protected":false},"excerpt":{"rendered":"","protected":false},"author":55,"featured_media":0,"parent":1112,"menu_order":0,"comment_status":"closed","ping_status":"closed","template":"tpl-blue-white.php","meta":{"_acf_changed":false,"footnotes":""},"class_list":["post-4244","page","type-page","status-publish","hentry"],"acf":[],"yoast_head":"<!-- This site is optimized with the Yoast SEO plugin v26.1.1 - https:\/\/yoast.com\/wordpress\/plugins\/seo\/ -->\n<title>Corporate Compliance - SAUTER Belgium<\/title>\n<meta name=\"description\" content=\"SAUTER setzt sich zum Ziel, f\u00fcr Kunden, Mitarbeitende, Aktion\u00e4re und Gesch\u00e4ftspartner nachhaltige Mehrwerte zu schaffen.\" \/>\n<meta name=\"robots\" content=\"index, follow, max-snippet:-1, max-image-preview:large, max-video-preview:-1\" \/>\n<link rel=\"canonical\" href=\"https:\/\/www.sauter-controls.be\/de\/unternehmen\/corporate-compliance\/\" \/>\n<meta property=\"og:locale\" content=\"de_DE\" \/>\n<meta property=\"og:type\" content=\"article\" \/>\n<meta property=\"og:title\" content=\"Corporate Compliance - SAUTER Belgium\" \/>\n<meta property=\"og:description\" content=\"SAUTER setzt sich zum Ziel, f\u00fcr Kunden, Mitarbeitende, Aktion\u00e4re und Gesch\u00e4ftspartner nachhaltige Mehrwerte zu schaffen.\" \/>\n<meta property=\"og:url\" content=\"https:\/\/www.sauter-controls.be\/de\/unternehmen\/corporate-compliance\/\" \/>\n<meta property=\"og:site_name\" content=\"SAUTER Belgium\" \/>\n<meta property=\"article:modified_time\" content=\"2026-03-19T11:59:35+00:00\" \/>\n<meta name=\"twitter:card\" content=\"summary_large_image\" \/>\n<script type=\"application\/ld+json\" class=\"yoast-schema-graph\">{\"@context\":\"https:\/\/schema.org\",\"@graph\":[{\"@type\":\"WebPage\",\"@id\":\"https:\/\/www.sauter-controls.be\/de\/unternehmen\/corporate-compliance\/\",\"url\":\"https:\/\/www.sauter-controls.be\/de\/unternehmen\/corporate-compliance\/\",\"name\":\"Corporate Compliance - SAUTER Belgium\",\"isPartOf\":{\"@id\":\"https:\/\/www.sauter-controls.be\/en\/#website\"},\"datePublished\":\"2021-08-30T07:13:22+00:00\",\"dateModified\":\"2026-03-19T11:59:35+00:00\",\"description\":\"SAUTER setzt sich zum Ziel, f\u00fcr Kunden, Mitarbeitende, Aktion\u00e4re und Gesch\u00e4ftspartner nachhaltige Mehrwerte zu schaffen.\",\"breadcrumb\":{\"@id\":\"https:\/\/www.sauter-controls.be\/de\/unternehmen\/corporate-compliance\/#breadcrumb\"},\"inLanguage\":\"de\",\"potentialAction\":[{\"@type\":\"ReadAction\",\"target\":[\"https:\/\/www.sauter-controls.be\/de\/unternehmen\/corporate-compliance\/\"]}]},{\"@type\":\"BreadcrumbList\",\"@id\":\"https:\/\/www.sauter-controls.be\/de\/unternehmen\/corporate-compliance\/#breadcrumb\",\"itemListElement\":[{\"@type\":\"ListItem\",\"position\":1,\"name\":\"Home\",\"item\":\"https:\/\/www.sauter-controls.be\/de\/\"},{\"@type\":\"ListItem\",\"position\":2,\"name\":\"Unternehmen\",\"item\":\"https:\/\/www.sauter-controls.be\/de\/unternehmen\/\"},{\"@type\":\"ListItem\",\"position\":3,\"name\":\"Corporate Compliance\"}]},{\"@type\":\"WebSite\",\"@id\":\"https:\/\/www.sauter-controls.be\/en\/#website\",\"url\":\"https:\/\/www.sauter-controls.be\/en\/\",\"name\":\"SAUTER Belgium\",\"description\":\"SAUTER Belgium\",\"potentialAction\":[{\"@type\":\"SearchAction\",\"target\":{\"@type\":\"EntryPoint\",\"urlTemplate\":\"https:\/\/www.sauter-controls.be\/en\/?s={search_term_string}\"},\"query-input\":{\"@type\":\"PropertyValueSpecification\",\"valueRequired\":true,\"valueName\":\"search_term_string\"}}],\"inLanguage\":\"de\"}]}<\/script>\n<!-- \/ Yoast SEO plugin. -->","yoast_head_json":{"title":"Corporate Compliance - SAUTER Belgium","description":"SAUTER setzt sich zum Ziel, f\u00fcr Kunden, Mitarbeitende, Aktion\u00e4re und Gesch\u00e4ftspartner nachhaltige Mehrwerte zu schaffen.","robots":{"index":"index","follow":"follow","max-snippet":"max-snippet:-1","max-image-preview":"max-image-preview:large","max-video-preview":"max-video-preview:-1"},"canonical":"https:\/\/www.sauter-controls.be\/de\/unternehmen\/corporate-compliance\/","og_locale":"de_DE","og_type":"article","og_title":"Corporate Compliance - SAUTER Belgium","og_description":"SAUTER setzt sich zum Ziel, f\u00fcr Kunden, Mitarbeitende, Aktion\u00e4re und Gesch\u00e4ftspartner nachhaltige Mehrwerte zu schaffen.","og_url":"https:\/\/www.sauter-controls.be\/de\/unternehmen\/corporate-compliance\/","og_site_name":"SAUTER Belgium","article_modified_time":"2026-03-19T11:59:35+00:00","twitter_card":"summary_large_image","schema":{"@context":"https:\/\/schema.org","@graph":[{"@type":"WebPage","@id":"https:\/\/www.sauter-controls.be\/de\/unternehmen\/corporate-compliance\/","url":"https:\/\/www.sauter-controls.be\/de\/unternehmen\/corporate-compliance\/","name":"Corporate Compliance - SAUTER Belgium","isPartOf":{"@id":"https:\/\/www.sauter-controls.be\/en\/#website"},"datePublished":"2021-08-30T07:13:22+00:00","dateModified":"2026-03-19T11:59:35+00:00","description":"SAUTER setzt sich zum Ziel, f\u00fcr Kunden, Mitarbeitende, Aktion\u00e4re und Gesch\u00e4ftspartner nachhaltige Mehrwerte zu schaffen.","breadcrumb":{"@id":"https:\/\/www.sauter-controls.be\/de\/unternehmen\/corporate-compliance\/#breadcrumb"},"inLanguage":"de","potentialAction":[{"@type":"ReadAction","target":["https:\/\/www.sauter-controls.be\/de\/unternehmen\/corporate-compliance\/"]}]},{"@type":"BreadcrumbList","@id":"https:\/\/www.sauter-controls.be\/de\/unternehmen\/corporate-compliance\/#breadcrumb","itemListElement":[{"@type":"ListItem","position":1,"name":"Home","item":"https:\/\/www.sauter-controls.be\/de\/"},{"@type":"ListItem","position":2,"name":"Unternehmen","item":"https:\/\/www.sauter-controls.be\/de\/unternehmen\/"},{"@type":"ListItem","position":3,"name":"Corporate Compliance"}]},{"@type":"WebSite","@id":"https:\/\/www.sauter-controls.be\/en\/#website","url":"https:\/\/www.sauter-controls.be\/en\/","name":"SAUTER Belgium","description":"SAUTER Belgium","potentialAction":[{"@type":"SearchAction","target":{"@type":"EntryPoint","urlTemplate":"https:\/\/www.sauter-controls.be\/en\/?s={search_term_string}"},"query-input":{"@type":"PropertyValueSpecification","valueRequired":true,"valueName":"search_term_string"}}],"inLanguage":"de"}]}},"_links":{"self":[{"href":"https:\/\/www.sauter-controls.be\/de\/wp-json\/wp\/v2\/pages\/4244","targetHints":{"allow":["GET"]}}],"collection":[{"href":"https:\/\/www.sauter-controls.be\/de\/wp-json\/wp\/v2\/pages"}],"about":[{"href":"https:\/\/www.sauter-controls.be\/de\/wp-json\/wp\/v2\/types\/page"}],"author":[{"embeddable":true,"href":"https:\/\/www.sauter-controls.be\/de\/wp-json\/wp\/v2\/users\/55"}],"replies":[{"embeddable":true,"href":"https:\/\/www.sauter-controls.be\/de\/wp-json\/wp\/v2\/comments?post=4244"}],"version-history":[{"count":10,"href":"https:\/\/www.sauter-controls.be\/de\/wp-json\/wp\/v2\/pages\/4244\/revisions"}],"predecessor-version":[{"id":10048,"href":"https:\/\/www.sauter-controls.be\/de\/wp-json\/wp\/v2\/pages\/4244\/revisions\/10048"}],"up":[{"embeddable":true,"href":"https:\/\/www.sauter-controls.be\/de\/wp-json\/wp\/v2\/pages\/1112"}],"wp:attachment":[{"href":"https:\/\/www.sauter-controls.be\/de\/wp-json\/wp\/v2\/media?parent=4244"}],"curies":[{"name":"wp","href":"https:\/\/api.w.org\/{rel}","templated":true}]}}