{"id":3757,"date":"2020-09-16T12:58:23","date_gmt":"2020-09-16T12:58:23","guid":{"rendered":"http:\/\/www.sauter-controls.be\/?page_id=3757"},"modified":"2020-09-16T12:58:23","modified_gmt":"2020-09-16T12:58:23","slug":"raumautomation-2","status":"publish","type":"page","link":"https:\/\/www.sauter-controls.be\/de\/raumautomation-2\/","title":{"rendered":"Raumautomation"},"content":{"rendered":"<h1>Raumautomation<\/h1>\n<p>&nbsp;<\/p>\n<p class=\"bodytext\"><div class=\"row\"><div class=\"col-sm-6\">\n<p class=\"bodytext\">SAUTER ist Ihr Spezialist f\u00fcr Raumautomation. Das Raumklima ergibt sich aus dem optimalen Zusammenspiel von Heizen, K\u00fchlen, L\u00fcften, Beleuchten und Beschatten. Die Sicherstellung des optimalen Raumklimas ist unsere Kernaufgabe. Mit modernster und\u00a0<a href=\"https:\/\/www.sauter-controls.com\/de\/dienstleistungen-kompetenzen-sauter\/zertifizierung-sauter.html\" target=\"_self\" rel=\"noopener noreferrer\">zertifizierter<\/a>\u00a0Technologie k\u00f6nnen wir diese Aufgabe angepasst an Ihre Anforderungen erf\u00fcllen.<\/p>\n<p class=\"bodytext\">Die lokale Installation und Bedienung automatischer Regeleinrichtungen f\u00fcr Raumbedingungen wird als \u00abintegrierte Raumautomation\u00bb bezeichnet. Ihre Funktionen k\u00f6nnen in drei Gruppen aufgeteilt werden (Raumklima, Beleuchtung, Sonnenschutz), die im Zusammenspiel f\u00fcr einen optimalen Effekt sorgen.<\/p>\n<p class=\"bodytext\">Mit unseren\u00a0<a href=\"https:\/\/www.sauter-controls.com\/de\/referenzen-loesungen-sauter\/raumklima-beleuchtung-sonnenschutz-sauter.html\" target=\"_self\" rel=\"noopener noreferrer\">L\u00f6sungen f\u00fcr Raumautomation<\/a>\u00a0decken wir alle Anforderungen an positiv erlebte Arbeitsr\u00e4ume und funktionale Einrichtungen ab. Wir sorgen nicht nur f\u00fcr ein automatisch optimiertes Raumklima, wir bieten auch eine einfache Raumbedienung. Mit der lokalen Raumbedienung kann der Nutzer jederzeit eingreifen und das Raumklima seinen pers\u00f6nlichen W\u00fcnschen anpassen. Die offene Kommunikation erlaubt volle Kontrolle mit einem Geb\u00e4udemanagementsystem. Somit bleiben L\u00f6sungen von SAUTER stets funktional, flexibel und effizient.<\/p>\n<p class=\"bodytext\"><\/p><\/div><div class=\"col-sm-6\">\n<p>&lt;iframe width=&#8220;560&#8243; height=&#8220;315&#8243; src=&#8220;https:\/\/www.youtube.com\/embed\/8Des7t-_mOc&#8220; frameborder=&#8220;0&#8243; allow=&#8220;accelerometer; autoplay; encrypted-media; gyroscope; picture-in-picture&#8220; allowfullscreen&gt;&lt;\/iframe&gt;<\/p>\n<p>&nbsp;<\/p>\n<p>&nbsp;<\/p>\n<p>&nbsp;<\/p>\n<p>&nbsp;<\/p>\n<p class=\"bodytext\"><\/p><\/div><\/div><\/p>\n<p class=\"bodytext\">\n","protected":false},"excerpt":{"rendered":"<p>Raumautomation &nbsp;<\/p>\n","protected":false},"author":1020,"featured_media":0,"parent":0,"menu_order":0,"comment_status":"closed","ping_status":"closed","template":"page-innovation.php","meta":{"_acf_changed":false,"footnotes":""},"class_list":["post-3757","page","type-page","status-publish","hentry"],"acf":[],"yoast_head":"<!-- This site is optimized with the Yoast SEO plugin v26.1.1 - https:\/\/yoast.com\/wordpress\/plugins\/seo\/ -->\n<title>Raumautomation - SAUTER Belgium<\/title>\n<meta name=\"description\" content=\"Im Bereich Raumautomation ist SAUTER Ihr Spezialist! Wir sorgen f\u00fcr das optimale Raumklima in B\u00fcrogeb\u00e4uden, Industrie, Logistik und weiteren Bereichen.\" \/>\n<meta name=\"robots\" content=\"index, follow, max-snippet:-1, max-image-preview:large, max-video-preview:-1\" \/>\n<link rel=\"canonical\" href=\"https:\/\/www.sauter-controls.be\/de\/raumautomation-2\/\" \/>\n<meta property=\"og:locale\" content=\"de_DE\" \/>\n<meta property=\"og:type\" content=\"article\" \/>\n<meta property=\"og:title\" content=\"Raumautomation - SAUTER Belgium\" \/>\n<meta property=\"og:description\" content=\"Im Bereich Raumautomation ist SAUTER Ihr Spezialist! Wir sorgen f\u00fcr das optimale Raumklima in B\u00fcrogeb\u00e4uden, Industrie, Logistik und weiteren Bereichen.\" \/>\n<meta property=\"og:url\" content=\"https:\/\/www.sauter-controls.be\/de\/raumautomation-2\/\" \/>\n<meta property=\"og:site_name\" content=\"SAUTER Belgium\" \/>\n<meta name=\"twitter:card\" content=\"summary_large_image\" \/>\n<meta name=\"twitter:label1\" content=\"Gesch\u00e4tzte Lesezeit\" \/>\n\t<meta name=\"twitter:data1\" content=\"1\u00a0Minute\" \/>\n<script type=\"application\/ld+json\" class=\"yoast-schema-graph\">{\"@context\":\"https:\/\/schema.org\",\"@graph\":[{\"@type\":\"WebPage\",\"@id\":\"https:\/\/www.sauter-controls.be\/de\/raumautomation-2\/\",\"url\":\"https:\/\/www.sauter-controls.be\/de\/raumautomation-2\/\",\"name\":\"Raumautomation - SAUTER Belgium\",\"isPartOf\":{\"@id\":\"https:\/\/www.sauter-controls.be\/en\/#website\"},\"datePublished\":\"2020-09-16T12:58:23+00:00\",\"description\":\"Im Bereich Raumautomation ist SAUTER Ihr Spezialist! Wir sorgen f\u00fcr das optimale Raumklima in B\u00fcrogeb\u00e4uden, Industrie, Logistik und weiteren Bereichen.\",\"breadcrumb\":{\"@id\":\"https:\/\/www.sauter-controls.be\/de\/raumautomation-2\/#breadcrumb\"},\"inLanguage\":\"de\",\"potentialAction\":[{\"@type\":\"ReadAction\",\"target\":[\"https:\/\/www.sauter-controls.be\/de\/raumautomation-2\/\"]}]},{\"@type\":\"BreadcrumbList\",\"@id\":\"https:\/\/www.sauter-controls.be\/de\/raumautomation-2\/#breadcrumb\",\"itemListElement\":[{\"@type\":\"ListItem\",\"position\":1,\"name\":\"Home\",\"item\":\"https:\/\/www.sauter-controls.be\/de\/\"},{\"@type\":\"ListItem\",\"position\":2,\"name\":\"Raumautomation\"}]},{\"@type\":\"WebSite\",\"@id\":\"https:\/\/www.sauter-controls.be\/en\/#website\",\"url\":\"https:\/\/www.sauter-controls.be\/en\/\",\"name\":\"SAUTER Belgium\",\"description\":\"SAUTER Belgium\",\"potentialAction\":[{\"@type\":\"SearchAction\",\"target\":{\"@type\":\"EntryPoint\",\"urlTemplate\":\"https:\/\/www.sauter-controls.be\/en\/?s={search_term_string}\"},\"query-input\":{\"@type\":\"PropertyValueSpecification\",\"valueRequired\":true,\"valueName\":\"search_term_string\"}}],\"inLanguage\":\"de\"}]}<\/script>\n<!-- \/ Yoast SEO plugin. -->","yoast_head_json":{"title":"Raumautomation - SAUTER Belgium","description":"Im Bereich Raumautomation ist SAUTER Ihr Spezialist! Wir sorgen f\u00fcr das optimale Raumklima in B\u00fcrogeb\u00e4uden, Industrie, Logistik und weiteren Bereichen.","robots":{"index":"index","follow":"follow","max-snippet":"max-snippet:-1","max-image-preview":"max-image-preview:large","max-video-preview":"max-video-preview:-1"},"canonical":"https:\/\/www.sauter-controls.be\/de\/raumautomation-2\/","og_locale":"de_DE","og_type":"article","og_title":"Raumautomation - SAUTER Belgium","og_description":"Im Bereich Raumautomation ist SAUTER Ihr Spezialist! Wir sorgen f\u00fcr das optimale Raumklima in B\u00fcrogeb\u00e4uden, Industrie, Logistik und weiteren Bereichen.","og_url":"https:\/\/www.sauter-controls.be\/de\/raumautomation-2\/","og_site_name":"SAUTER Belgium","twitter_card":"summary_large_image","twitter_misc":{"Gesch\u00e4tzte Lesezeit":"1\u00a0Minute"},"schema":{"@context":"https:\/\/schema.org","@graph":[{"@type":"WebPage","@id":"https:\/\/www.sauter-controls.be\/de\/raumautomation-2\/","url":"https:\/\/www.sauter-controls.be\/de\/raumautomation-2\/","name":"Raumautomation - SAUTER Belgium","isPartOf":{"@id":"https:\/\/www.sauter-controls.be\/en\/#website"},"datePublished":"2020-09-16T12:58:23+00:00","description":"Im Bereich Raumautomation ist SAUTER Ihr Spezialist! Wir sorgen f\u00fcr das optimale Raumklima in B\u00fcrogeb\u00e4uden, Industrie, Logistik und weiteren Bereichen.","breadcrumb":{"@id":"https:\/\/www.sauter-controls.be\/de\/raumautomation-2\/#breadcrumb"},"inLanguage":"de","potentialAction":[{"@type":"ReadAction","target":["https:\/\/www.sauter-controls.be\/de\/raumautomation-2\/"]}]},{"@type":"BreadcrumbList","@id":"https:\/\/www.sauter-controls.be\/de\/raumautomation-2\/#breadcrumb","itemListElement":[{"@type":"ListItem","position":1,"name":"Home","item":"https:\/\/www.sauter-controls.be\/de\/"},{"@type":"ListItem","position":2,"name":"Raumautomation"}]},{"@type":"WebSite","@id":"https:\/\/www.sauter-controls.be\/en\/#website","url":"https:\/\/www.sauter-controls.be\/en\/","name":"SAUTER Belgium","description":"SAUTER Belgium","potentialAction":[{"@type":"SearchAction","target":{"@type":"EntryPoint","urlTemplate":"https:\/\/www.sauter-controls.be\/en\/?s={search_term_string}"},"query-input":{"@type":"PropertyValueSpecification","valueRequired":true,"valueName":"search_term_string"}}],"inLanguage":"de"}]}},"_links":{"self":[{"href":"https:\/\/www.sauter-controls.be\/de\/wp-json\/wp\/v2\/pages\/3757","targetHints":{"allow":["GET"]}}],"collection":[{"href":"https:\/\/www.sauter-controls.be\/de\/wp-json\/wp\/v2\/pages"}],"about":[{"href":"https:\/\/www.sauter-controls.be\/de\/wp-json\/wp\/v2\/types\/page"}],"author":[{"embeddable":true,"href":"https:\/\/www.sauter-controls.be\/de\/wp-json\/wp\/v2\/users\/1020"}],"replies":[{"embeddable":true,"href":"https:\/\/www.sauter-controls.be\/de\/wp-json\/wp\/v2\/comments?post=3757"}],"version-history":[{"count":1,"href":"https:\/\/www.sauter-controls.be\/de\/wp-json\/wp\/v2\/pages\/3757\/revisions"}],"predecessor-version":[{"id":3758,"href":"https:\/\/www.sauter-controls.be\/de\/wp-json\/wp\/v2\/pages\/3757\/revisions\/3758"}],"wp:attachment":[{"href":"https:\/\/www.sauter-controls.be\/de\/wp-json\/wp\/v2\/media?parent=3757"}],"curies":[{"name":"wp","href":"https:\/\/api.w.org\/{rel}","templated":true}]}}