{"id":3365,"date":"2020-09-16T13:34:00","date_gmt":"2020-09-16T13:34:00","guid":{"rendered":"http:\/\/www.sauter-controls.be\/?page_id=3365"},"modified":"2020-09-16T13:34:00","modified_gmt":"2020-09-16T13:34:00","slug":"sauter-smart-spaces","status":"publish","type":"page","link":"https:\/\/www.sauter-controls.be\/de\/innovation\/sauter-smart-spaces\/","title":{"rendered":"SAUTER Smart Spaces"},"content":{"rendered":"","protected":false},"excerpt":{"rendered":"","protected":false},"author":51,"featured_media":0,"parent":1120,"menu_order":0,"comment_status":"closed","ping_status":"closed","template":"page-innovation.php","meta":{"_acf_changed":false,"footnotes":""},"class_list":["post-3365","page","type-page","status-publish","hentry"],"acf":[],"yoast_head":"<!-- This site is optimized with the Yoast SEO plugin v26.1.1 - https:\/\/yoast.com\/wordpress\/plugins\/seo\/ -->\n<title>SAUTER Smart Spaces - SAUTER Belgium Geb\u00e4ude Automation<\/title>\n<meta name=\"description\" content=\"Der Raum- und Geb\u00e4udeautomation wird erweitert: effizientes Raummanagement, \u00dcberwachung von Verm\u00f6genswerten\/Personen f\u00fcr eine neue Erfahrung.\" \/>\n<meta name=\"robots\" content=\"index, follow, max-snippet:-1, max-image-preview:large, max-video-preview:-1\" \/>\n<link rel=\"canonical\" href=\"https:\/\/www.sauter-controls.be\/de\/innovation\/sauter-smart-spaces\/\" \/>\n<meta property=\"og:locale\" content=\"de_DE\" \/>\n<meta property=\"og:type\" content=\"article\" \/>\n<meta property=\"og:title\" content=\"SAUTER Smart Spaces - SAUTER Belgium Geb\u00e4ude Automation\" \/>\n<meta property=\"og:description\" content=\"Der Raum- und Geb\u00e4udeautomation wird erweitert: effizientes Raummanagement, \u00dcberwachung von Verm\u00f6genswerten\/Personen f\u00fcr eine neue Erfahrung.\" \/>\n<meta property=\"og:url\" content=\"https:\/\/www.sauter-controls.be\/de\/innovation\/sauter-smart-spaces\/\" \/>\n<meta property=\"og:site_name\" content=\"SAUTER Belgium\" \/>\n<meta name=\"twitter:card\" content=\"summary_large_image\" \/>\n<script type=\"application\/ld+json\" class=\"yoast-schema-graph\">{\"@context\":\"https:\/\/schema.org\",\"@graph\":[{\"@type\":\"WebPage\",\"@id\":\"https:\/\/www.sauter-controls.be\/de\/innovation\/sauter-smart-spaces\/\",\"url\":\"https:\/\/www.sauter-controls.be\/de\/innovation\/sauter-smart-spaces\/\",\"name\":\"SAUTER Smart Spaces - SAUTER Belgium Geb\u00e4ude Automation\",\"isPartOf\":{\"@id\":\"https:\/\/www.sauter-controls.be\/en\/#website\"},\"datePublished\":\"2020-09-16T13:34:00+00:00\",\"description\":\"Der Raum- und Geb\u00e4udeautomation wird erweitert: effizientes Raummanagement, \u00dcberwachung von Verm\u00f6genswerten\/Personen f\u00fcr eine neue Erfahrung.\",\"breadcrumb\":{\"@id\":\"https:\/\/www.sauter-controls.be\/de\/innovation\/sauter-smart-spaces\/#breadcrumb\"},\"inLanguage\":\"de\",\"potentialAction\":[{\"@type\":\"ReadAction\",\"target\":[\"https:\/\/www.sauter-controls.be\/de\/innovation\/sauter-smart-spaces\/\"]}]},{\"@type\":\"BreadcrumbList\",\"@id\":\"https:\/\/www.sauter-controls.be\/de\/innovation\/sauter-smart-spaces\/#breadcrumb\",\"itemListElement\":[{\"@type\":\"ListItem\",\"position\":1,\"name\":\"Home\",\"item\":\"https:\/\/www.sauter-controls.be\/de\/\"},{\"@type\":\"ListItem\",\"position\":2,\"name\":\"Innovation\",\"item\":\"https:\/\/www.sauter-controls.be\/de\/innovation\/\"},{\"@type\":\"ListItem\",\"position\":3,\"name\":\"SAUTER Smart Spaces\"}]},{\"@type\":\"WebSite\",\"@id\":\"https:\/\/www.sauter-controls.be\/en\/#website\",\"url\":\"https:\/\/www.sauter-controls.be\/en\/\",\"name\":\"SAUTER Belgium\",\"description\":\"SAUTER Belgium\",\"potentialAction\":[{\"@type\":\"SearchAction\",\"target\":{\"@type\":\"EntryPoint\",\"urlTemplate\":\"https:\/\/www.sauter-controls.be\/en\/?s={search_term_string}\"},\"query-input\":{\"@type\":\"PropertyValueSpecification\",\"valueRequired\":true,\"valueName\":\"search_term_string\"}}],\"inLanguage\":\"de\"}]}<\/script>\n<!-- \/ Yoast SEO plugin. -->","yoast_head_json":{"title":"SAUTER Smart Spaces - SAUTER Belgium Geb\u00e4ude Automation","description":"Der Raum- und Geb\u00e4udeautomation wird erweitert: effizientes Raummanagement, \u00dcberwachung von Verm\u00f6genswerten\/Personen f\u00fcr eine neue Erfahrung.","robots":{"index":"index","follow":"follow","max-snippet":"max-snippet:-1","max-image-preview":"max-image-preview:large","max-video-preview":"max-video-preview:-1"},"canonical":"https:\/\/www.sauter-controls.be\/de\/innovation\/sauter-smart-spaces\/","og_locale":"de_DE","og_type":"article","og_title":"SAUTER Smart Spaces - SAUTER Belgium Geb\u00e4ude Automation","og_description":"Der Raum- und Geb\u00e4udeautomation wird erweitert: effizientes Raummanagement, \u00dcberwachung von Verm\u00f6genswerten\/Personen f\u00fcr eine neue Erfahrung.","og_url":"https:\/\/www.sauter-controls.be\/de\/innovation\/sauter-smart-spaces\/","og_site_name":"SAUTER Belgium","twitter_card":"summary_large_image","schema":{"@context":"https:\/\/schema.org","@graph":[{"@type":"WebPage","@id":"https:\/\/www.sauter-controls.be\/de\/innovation\/sauter-smart-spaces\/","url":"https:\/\/www.sauter-controls.be\/de\/innovation\/sauter-smart-spaces\/","name":"SAUTER Smart Spaces - SAUTER Belgium Geb\u00e4ude Automation","isPartOf":{"@id":"https:\/\/www.sauter-controls.be\/en\/#website"},"datePublished":"2020-09-16T13:34:00+00:00","description":"Der Raum- und Geb\u00e4udeautomation wird erweitert: effizientes Raummanagement, \u00dcberwachung von Verm\u00f6genswerten\/Personen f\u00fcr eine neue Erfahrung.","breadcrumb":{"@id":"https:\/\/www.sauter-controls.be\/de\/innovation\/sauter-smart-spaces\/#breadcrumb"},"inLanguage":"de","potentialAction":[{"@type":"ReadAction","target":["https:\/\/www.sauter-controls.be\/de\/innovation\/sauter-smart-spaces\/"]}]},{"@type":"BreadcrumbList","@id":"https:\/\/www.sauter-controls.be\/de\/innovation\/sauter-smart-spaces\/#breadcrumb","itemListElement":[{"@type":"ListItem","position":1,"name":"Home","item":"https:\/\/www.sauter-controls.be\/de\/"},{"@type":"ListItem","position":2,"name":"Innovation","item":"https:\/\/www.sauter-controls.be\/de\/innovation\/"},{"@type":"ListItem","position":3,"name":"SAUTER Smart Spaces"}]},{"@type":"WebSite","@id":"https:\/\/www.sauter-controls.be\/en\/#website","url":"https:\/\/www.sauter-controls.be\/en\/","name":"SAUTER Belgium","description":"SAUTER Belgium","potentialAction":[{"@type":"SearchAction","target":{"@type":"EntryPoint","urlTemplate":"https:\/\/www.sauter-controls.be\/en\/?s={search_term_string}"},"query-input":{"@type":"PropertyValueSpecification","valueRequired":true,"valueName":"search_term_string"}}],"inLanguage":"de"}]}},"_links":{"self":[{"href":"https:\/\/www.sauter-controls.be\/de\/wp-json\/wp\/v2\/pages\/3365","targetHints":{"allow":["GET"]}}],"collection":[{"href":"https:\/\/www.sauter-controls.be\/de\/wp-json\/wp\/v2\/pages"}],"about":[{"href":"https:\/\/www.sauter-controls.be\/de\/wp-json\/wp\/v2\/types\/page"}],"author":[{"embeddable":true,"href":"https:\/\/www.sauter-controls.be\/de\/wp-json\/wp\/v2\/users\/51"}],"replies":[{"embeddable":true,"href":"https:\/\/www.sauter-controls.be\/de\/wp-json\/wp\/v2\/comments?post=3365"}],"version-history":[{"count":2,"href":"https:\/\/www.sauter-controls.be\/de\/wp-json\/wp\/v2\/pages\/3365\/revisions"}],"predecessor-version":[{"id":3793,"href":"https:\/\/www.sauter-controls.be\/de\/wp-json\/wp\/v2\/pages\/3365\/revisions\/3793"}],"up":[{"embeddable":true,"href":"https:\/\/www.sauter-controls.be\/de\/wp-json\/wp\/v2\/pages\/1120"}],"wp:attachment":[{"href":"https:\/\/www.sauter-controls.be\/de\/wp-json\/wp\/v2\/media?parent=3365"}],"curies":[{"name":"wp","href":"https:\/\/api.w.org\/{rel}","templated":true}]}}